{"id":84,"date":"2017-02-28T17:15:03","date_gmt":"2017-02-28T17:15:03","guid":{"rendered":"http:\/\/www.rtkd.fi\/?page_id=84"},"modified":"2025-02-04T15:34:11","modified_gmt":"2025-02-04T15:34:11","slug":"myclub","status":"publish","type":"page","link":"https:\/\/rtkd.fi\/?page_id=84","title":{"rendered":"Suomisport"},"content":{"rendered":"<p>Yhdistyksen sis\u00e4inen tiedottaminen j\u00e4senille tapahtuu Suomisport j\u00e4rjestselm\u00e4n kautta.<\/p>\n<p>Liittymislinkit ryhmiin:<\/p>\n<p><a href=\"https:\/\/seurat.suomisport.fi\/invite\/ecaa7ecb-7ef5-45b4-b715-629fd3ffec8c\" target=\"_blank\" rel=\"nofollow noopener noreferrer\">Juniorit (alle 14v harjoittelijat)<\/a><\/p>\n<p><a href=\"https:\/\/seurat.suomisport.fi\/invite\/2b72f4a9-5fe8-4c57-baf0-4a6cf4efc5a5\" target=\"_blank\" rel=\"nofollow noopener noreferrer\">Aikuiset (yli 14v harjoittelijat )<\/a><\/p>\n<p>K\u00e4ytt\u00f6ohje:<\/p>\n<p>\u00a0<\/p>\n\n\n<div data-wp-interactive=\"core\/file\" class=\"wp-block-file\"><object data-wp-bind--hidden=\"!state.hasPdfPreview\" hidden class=\"wp-block-file__embed\" data=\"https:\/\/rtkd.fi\/wp-content\/uploads\/2025\/02\/suomisport.pdf\" type=\"application\/pdf\" style=\"width:100%;height:600px\" aria-label=\"Tiedoston suomisport upotus.\"><\/object><a id=\"wp-block-file--media-8d84deb4-29c7-4117-9610-da876245f9b9\" href=\"https:\/\/rtkd.fi\/wp-content\/uploads\/2025\/02\/suomisport.pdf\">suomisport<\/a><a href=\"https:\/\/rtkd.fi\/wp-content\/uploads\/2025\/02\/suomisport.pdf\" class=\"wp-block-file__button wp-element-button\" download aria-describedby=\"wp-block-file--media-8d84deb4-29c7-4117-9610-da876245f9b9\">Lataa<\/a><\/div>\n\n\n\n<p><\/p>\n","protected":false},"excerpt":{"rendered":"<p>Yhdistyksen sis\u00e4inen tiedottaminen j\u00e4senille tapahtuu Suomisport j\u00e4rjestselm\u00e4n kautta. Liittymislinkit ryhmiin: Juniorit (alle 14v harjoittelijat) Aikuiset (yli 14v harjoittelijat ) K\u00e4ytt\u00f6ohje: \u00a0<\/p>\n","protected":false},"author":1,"featured_media":0,"parent":59,"menu_order":3,"comment_status":"closed","ping_status":"closed","template":"","meta":{"footnotes":""},"class_list":["post-84","page","type-page","status-publish","hentry"],"_links":{"self":[{"href":"https:\/\/rtkd.fi\/index.php?rest_route=\/wp\/v2\/pages\/84","targetHints":{"allow":["GET"]}}],"collection":[{"href":"https:\/\/rtkd.fi\/index.php?rest_route=\/wp\/v2\/pages"}],"about":[{"href":"https:\/\/rtkd.fi\/index.php?rest_route=\/wp\/v2\/types\/page"}],"author":[{"embeddable":true,"href":"https:\/\/rtkd.fi\/index.php?rest_route=\/wp\/v2\/users\/1"}],"replies":[{"embeddable":true,"href":"https:\/\/rtkd.fi\/index.php?rest_route=%2Fwp%2Fv2%2Fcomments&post=84"}],"version-history":[{"count":6,"href":"https:\/\/rtkd.fi\/index.php?rest_route=\/wp\/v2\/pages\/84\/revisions"}],"predecessor-version":[{"id":692,"href":"https:\/\/rtkd.fi\/index.php?rest_route=\/wp\/v2\/pages\/84\/revisions\/692"}],"up":[{"embeddable":true,"href":"https:\/\/rtkd.fi\/index.php?rest_route=\/wp\/v2\/pages\/59"}],"wp:attachment":[{"href":"https:\/\/rtkd.fi\/index.php?rest_route=%2Fwp%2Fv2%2Fmedia&parent=84"}],"curies":[{"name":"wp","href":"https:\/\/api.w.org\/{rel}","templated":true}]}}