{"id":79,"date":"2017-02-28T17:09:14","date_gmt":"2017-02-28T17:09:14","guid":{"rendered":"http:\/\/www.rtkd.fi\/?page_id=79"},"modified":"2017-12-27T19:30:33","modified_gmt":"2017-12-27T19:30:33","slug":"treenisali","status":"publish","type":"page","link":"https:\/\/rtkd.fi\/?page_id=79","title":{"rendered":"Treenisali"},"content":{"rendered":"<p>Harjoittelemme Riihim\u00e4en kamppailukeskuksella, osoitteessa Teollisuuskatu 10. Treenisalimme kattaa yli 150 neli\u00f6t\u00e4 pehmustettua alustaa.<\/p>\n<p>Nykyaikaisista treeniv\u00e4lineist\u00e4mme l\u00f6ytyy laaja valikoima kamppailu- ja fyysisen harjoittelemisen v\u00e4lineit\u00e4:\u00a0 kahvakuulia, levytankoja, potkutyynyj\u00e4, pistareita, nyrkkeily- ja potkus\u00e4kkej\u00e4, sek\u00e4 potkunukkeja.<\/p>\n<p>Kamppailukeskuksen kuntosali on j\u00e4sentemme vapaassa k\u00e4yt\u00f6ss\u00e4.<\/p>\n","protected":false},"excerpt":{"rendered":"<p>Harjoittelemme Riihim\u00e4en kamppailukeskuksella, osoitteessa Teollisuuskatu 10. Treenisalimme kattaa yli 150 neli\u00f6t\u00e4 pehmustettua alustaa. Nykyaikaisista treeniv\u00e4lineist\u00e4mme l\u00f6ytyy laaja valikoima kamppailu- ja fyysisen harjoittelemisen v\u00e4lineit\u00e4:\u00a0 kahvakuulia, levytankoja, potkutyynyj\u00e4, pistareita, nyrkkeily- ja potkus\u00e4kkej\u00e4, sek\u00e4 potkunukkeja. Kamppailukeskuksen kuntosali on j\u00e4sentemme vapaassa k\u00e4yt\u00f6ss\u00e4.<\/p>\n","protected":false},"author":1,"featured_media":0,"parent":11,"menu_order":2,"comment_status":"closed","ping_status":"closed","template":"","meta":{"footnotes":""},"class_list":["post-79","page","type-page","status-publish","hentry"],"_links":{"self":[{"href":"https:\/\/rtkd.fi\/index.php?rest_route=\/wp\/v2\/pages\/79","targetHints":{"allow":["GET"]}}],"collection":[{"href":"https:\/\/rtkd.fi\/index.php?rest_route=\/wp\/v2\/pages"}],"about":[{"href":"https:\/\/rtkd.fi\/index.php?rest_route=\/wp\/v2\/types\/page"}],"author":[{"embeddable":true,"href":"https:\/\/rtkd.fi\/index.php?rest_route=\/wp\/v2\/users\/1"}],"replies":[{"embeddable":true,"href":"https:\/\/rtkd.fi\/index.php?rest_route=%2Fwp%2Fv2%2Fcomments&post=79"}],"version-history":[{"count":7,"href":"https:\/\/rtkd.fi\/index.php?rest_route=\/wp\/v2\/pages\/79\/revisions"}],"predecessor-version":[{"id":477,"href":"https:\/\/rtkd.fi\/index.php?rest_route=\/wp\/v2\/pages\/79\/revisions\/477"}],"up":[{"embeddable":true,"href":"https:\/\/rtkd.fi\/index.php?rest_route=\/wp\/v2\/pages\/11"}],"wp:attachment":[{"href":"https:\/\/rtkd.fi\/index.php?rest_route=%2Fwp%2Fv2%2Fmedia&parent=79"}],"curies":[{"name":"wp","href":"https:\/\/api.w.org\/{rel}","templated":true}]}}