{"id":76,"date":"2017-02-28T16:28:26","date_gmt":"2017-02-28T16:28:26","guid":{"rendered":"http:\/\/www.rtkd.fi\/?page_id=76"},"modified":"2025-08-18T15:19:07","modified_gmt":"2025-08-18T15:19:07","slug":"aikuiset","status":"publish","type":"page","link":"https:\/\/rtkd.fi\/?page_id=76","title":{"rendered":"Aikuiset"},"content":{"rendered":"<p><span style=\"text-decoration: underline;\"><strong>Aikuisten ryhm\u00e4 harjoittelee ohjatusti:<\/strong><\/span><\/p>\n<ul>\n<li>Keskiviikkoisin klo 19.00-20.30<\/li>\n<li>Lauantaisin klo 12.00-13.00<\/li>\n<\/ul>\n<p><span style=\"text-decoration: underline;\"><strong>Lis\u00e4ksi mahdollista osallistua:<\/strong><\/span><\/p>\n<ul>\n<li style=\"list-style-type: none;\">\n<ul>\n<li>Ottelupainotteiseen treeniin maanantaisin klo 19.00-20.30 ja<\/li>\n<li>Liikesarjapainotteiseen treeniin tiistaisin klo 19.30-21.00<\/li>\n<\/ul>\n<\/li>\n<\/ul>\n<p>&nbsp;<\/p>\n<p><em>Sali on vapaassa k\u00e4yt\u00f6ss\u00e4 omatoimiseen treenaamiseen Perjantaisin.<\/em><\/p>\n\n\n<p><\/p>\n","protected":false},"excerpt":{"rendered":"<p>Aikuisten ryhm\u00e4 harjoittelee ohjatusti: Keskiviikkoisin klo 19.00-20.30 Lauantaisin klo 12.00-13.00 Lis\u00e4ksi mahdollista osallistua: Ottelupainotteiseen treeniin maanantaisin klo 19.00-20.30 ja Liikesarjapainotteiseen treeniin tiistaisin klo 19.30-21.00 &nbsp; Sali on vapaassa k\u00e4yt\u00f6ss\u00e4 omatoimiseen treenaamiseen Perjantaisin.<\/p>\n","protected":false},"author":1,"featured_media":0,"parent":61,"menu_order":2,"comment_status":"closed","ping_status":"closed","template":"","meta":{"footnotes":""},"class_list":["post-76","page","type-page","status-publish","hentry"],"_links":{"self":[{"href":"https:\/\/rtkd.fi\/index.php?rest_route=\/wp\/v2\/pages\/76","targetHints":{"allow":["GET"]}}],"collection":[{"href":"https:\/\/rtkd.fi\/index.php?rest_route=\/wp\/v2\/pages"}],"about":[{"href":"https:\/\/rtkd.fi\/index.php?rest_route=\/wp\/v2\/types\/page"}],"author":[{"embeddable":true,"href":"https:\/\/rtkd.fi\/index.php?rest_route=\/wp\/v2\/users\/1"}],"replies":[{"embeddable":true,"href":"https:\/\/rtkd.fi\/index.php?rest_route=%2Fwp%2Fv2%2Fcomments&post=76"}],"version-history":[{"count":44,"href":"https:\/\/rtkd.fi\/index.php?rest_route=\/wp\/v2\/pages\/76\/revisions"}],"predecessor-version":[{"id":716,"href":"https:\/\/rtkd.fi\/index.php?rest_route=\/wp\/v2\/pages\/76\/revisions\/716"}],"up":[{"embeddable":true,"href":"https:\/\/rtkd.fi\/index.php?rest_route=\/wp\/v2\/pages\/61"}],"wp:attachment":[{"href":"https:\/\/rtkd.fi\/index.php?rest_route=%2Fwp%2Fv2%2Fmedia&parent=76"}],"curies":[{"name":"wp","href":"https:\/\/api.w.org\/{rel}","templated":true}]}}