{"id":736,"date":"2025-11-03T17:44:59","date_gmt":"2025-11-03T17:44:59","guid":{"rendered":"https:\/\/rtkd.fi\/?page_id=736"},"modified":"2025-11-03T17:45:33","modified_gmt":"2025-11-03T17:45:33","slug":"pelisaannot","status":"publish","type":"page","link":"https:\/\/rtkd.fi\/?page_id=736","title":{"rendered":"Pelis\u00e4\u00e4nn\u00f6t"},"content":{"rendered":"\n<p><span style=\"text-decoration: underline;\"><strong>Pelis\u00e4\u00e4nn\u00f6t, kaikilla on kivaa!<\/strong><\/span><\/p>\n\n\n\n<p><span style=\"text-decoration: underline;\">Salietiketti<\/span><\/p>\n\n\n\n<p>Taekwondossa noudatetaan lajille ominaista ja t\u00e4rke\u00e4\u00e4 salietiketti\u00e4, joita ovat kuusi seuraavaa ohjetta: k\u00e4yt\u00f6s, kunnioitus, k\u00e4rsiv\u00e4llisyys, uhrautuvaisuus, vaatimattomuus, sek\u00e4 mielen ja kehon puhtaus.<\/p>\n\n\n\n<p><span style=\"text-decoration: underline;\">K\u00e4yt\u00f6s ja kunnioitus<\/span><\/p>\n\n\n\n<p>Saavu harjoituksiin ajoissa. Jos k\u00e4yt\u00f6ss\u00e4si on puku, huolehdi, ett\u00e4 vy\u00f6 on sidottuna valmiiksi. Odota salin ulkopuolella tai jos mahdollista niin salin reunalla, kunnes omat harjoitukset alkavat. Mik\u00e4li jostain syyst\u00e4 my\u00f6h\u00e4styt harjoituksista, odota salin sivussa kunnes ohjaaja antaa luvan tulla mukaan, kumarra h\u00e4nelle ja pyyd\u00e4 anteeksi my\u00f6h\u00e4stymist\u00e4si &#8211; ohjaaja opastaa sinut omalle paikallesi. Odottaessasi oman ryhm\u00e4si harjoitusten alkamista tai harjoitusten p\u00e4\u00e4tytty\u00e4 huomioi, ettet k\u00e4ytt\u00e4ytymisell\u00e4si h\u00e4iritse toisen ryhm\u00e4n harjoituksia. Anna harjoituskumppaneillesi harjoitusrauha. Juomatauot pidet\u00e4\u00e4n yht\u00e4aikaisesti ohjaajan luvalla.<\/p>\n\n\n\n<p><span style=\"text-decoration: underline;\">Muut huomioitavat asiat<\/span><\/p>\n\n\n\n<p>Huolehdi omasta hygieniastasi &#8211; jalkojen tulee olla puhtaat ja terveet, sek\u00e4 harjoitus asusi on oltava puhdas. Huolehdi, ett\u00e4 sormiesi ja varpaankyntesi ovat lyhyet. Korut, sormukset ja kellot tulee poistaa ennen harjoitusten alkua. Mik\u00e4li esim. korua ei voi poistaa tulee se teipata. Purkan sy\u00f6minen harjoitusten aikana on kielletty. Puhelimen tulee olla \u00e4\u00e4nett\u00f6m\u00e4ll\u00e4 tai suljettuna harjoitusten ajan. Ota mukaan juomapullo ja huolehdi wc- k\u00e4ynnist\u00e4 jo ennen harjoituksia, jotta ei tarvitsisi l\u00e4hte\u00e4 kesken harjoitusten vessaan. \u00c4l\u00e4 tule harjoituksiin sairaana.<\/p>\n\n\n\n<p><span style=\"text-decoration: underline;\">Junnut 1 ja 2 ryhmien yhdess\u00e4 laaditut pelis\u00e4\u00e4nn\u00f6t, syksy 2025<\/span><\/p>\n\n\n\n<ol class=\"wp-block-list\">\n<li>Kamppailija ei kiusaa<\/li>\n\n\n\n<li>Keskity harjoitukseen<\/li>\n\n\n\n<li>Tee parhaasi<\/li>\n\n\n\n<li>Huolehdi omasta turvallisuudesta<\/li>\n\n\n\n<li>Kuuntele ohjeita<\/li>\n\n\n\n<li>Pysy harjoitteluun tarkoitetulla alueella<\/li>\n\n\n\n<li>Kumarra saliin tullessasi ja l\u00e4htiess\u00e4si<\/li>\n\n\n\n<li>Pidet\u00e4\u00e4n kivaa<\/li>\n<\/ol>\n","protected":false},"excerpt":{"rendered":"<p>Pelis\u00e4\u00e4nn\u00f6t, kaikilla on kivaa! Salietiketti Taekwondossa noudatetaan lajille ominaista ja t\u00e4rke\u00e4\u00e4 salietiketti\u00e4, joita ovat kuusi seuraavaa ohjetta: k\u00e4yt\u00f6s, kunnioitus, k\u00e4rsiv\u00e4llisyys, uhrautuvaisuus, vaatimattomuus, sek\u00e4 mielen ja kehon puhtaus. K\u00e4yt\u00f6s ja kunnioitus Saavu harjoituksiin ajoissa. Jos k\u00e4yt\u00f6ss\u00e4si on puku, huolehdi, ett\u00e4 vy\u00f6 on sidottuna valmiiksi. Odota salin ulkopuolella tai jos mahdollista niin salin reunalla, kunnes omat harjoitukset [&hellip;]<\/p>\n","protected":false},"author":1,"featured_media":0,"parent":59,"menu_order":1,"comment_status":"closed","ping_status":"closed","template":"","meta":{"footnotes":""},"class_list":["post-736","page","type-page","status-publish","hentry"],"_links":{"self":[{"href":"https:\/\/rtkd.fi\/index.php?rest_route=\/wp\/v2\/pages\/736","targetHints":{"allow":["GET"]}}],"collection":[{"href":"https:\/\/rtkd.fi\/index.php?rest_route=\/wp\/v2\/pages"}],"about":[{"href":"https:\/\/rtkd.fi\/index.php?rest_route=\/wp\/v2\/types\/page"}],"author":[{"embeddable":true,"href":"https:\/\/rtkd.fi\/index.php?rest_route=\/wp\/v2\/users\/1"}],"replies":[{"embeddable":true,"href":"https:\/\/rtkd.fi\/index.php?rest_route=%2Fwp%2Fv2%2Fcomments&post=736"}],"version-history":[{"count":1,"href":"https:\/\/rtkd.fi\/index.php?rest_route=\/wp\/v2\/pages\/736\/revisions"}],"predecessor-version":[{"id":737,"href":"https:\/\/rtkd.fi\/index.php?rest_route=\/wp\/v2\/pages\/736\/revisions\/737"}],"up":[{"embeddable":true,"href":"https:\/\/rtkd.fi\/index.php?rest_route=\/wp\/v2\/pages\/59"}],"wp:attachment":[{"href":"https:\/\/rtkd.fi\/index.php?rest_route=%2Fwp%2Fv2%2Fmedia&parent=736"}],"curies":[{"name":"wp","href":"https:\/\/api.w.org\/{rel}","templated":true}]}}