{"id":71,"date":"2017-02-28T16:26:32","date_gmt":"2017-02-28T16:26:32","guid":{"rendered":"http:\/\/www.rtkd.fi\/?page_id=71"},"modified":"2025-11-03T17:56:15","modified_gmt":"2025-11-03T17:56:15","slug":"toimintalinja","status":"publish","type":"page","link":"https:\/\/rtkd.fi\/?page_id=71","title":{"rendered":"Toimintalinja"},"content":{"rendered":"<p><strong>TOIMINTALINJAN TARKOITUS<\/strong><\/p>\n<p>Toimintalinjan tarkoituksena on selkiytt\u00e4\u00e4 seuran toimintaa ja parantaa yhteispeli\u00e4. Sen teht\u00e4v\u00e4n\u00e4 on selvitt\u00e4\u00e4 j\u00e4senille ja muille toiminnasta kiinnostuneille, miksi seura on olemassa, millaisille arvoille seuran toiminta perustuu, miten k\u00e4yt\u00e4nn\u00f6n asiat seurassa hoidetaan ja millaisia palveluja seura tarjoaa.<\/p>\n<p>Toimintalinjan linjauksiin vaikuttavat seuran omat l\u00e4ht\u00f6kohdat, seuran historia ja olemassa oleva seurakulttuuri. Seuran toimintalinjaukset ovat osa seuran imagoa. Toimintalinjaa ovat olleet laatimassa seuran hallitus, ohjaajat ja harjoittelevien lasten vanhemmat. Useassa eri vaiheessa k\u00e4ytyjen keskustelujen ja pohdintojen kautta muotoutui Riihim\u00e4ki Taekwondo ry:n toimintalinja. Toimintalinjaa tarkastellaan ja arvioidaan vuosittain.<\/p>\n<p><strong>SIS\u00c4LLYSLUETTELO:<\/strong><\/p>\n<p>Visio<\/p>\n<p>Eettiset linjaukset\/arvot<\/p>\n<p>Toiminnan tavoitteet<\/p>\n<p>Toimintaperiaatteet<\/p>\n<p>Organisaatio<\/p>\n<p>Pelis\u00e4\u00e4nn\u00f6t<\/p>\n<p>Urheilullisten ja terveiden el\u00e4m\u00e4ntapojen edist\u00e4minen<\/p>\n<p>Toimintamuodot<\/p>\n<p>Harrastajan polku<\/p>\n<p>Viestint\u00e4<\/p>\n<p>&nbsp;<\/p>\n<p><strong><u>Visio<\/u><\/strong><\/p>\n<p>Riihim\u00e4ki Taekwondo ry on H\u00e4meen laadukkain kamppailu-urheiluseura ja yksi Suomen taekwondoliiton aktiivisimmista junioriseuroista, joka tarjoaa laadukasta ja mahdollisimman monipuolista toimintaa kaiken ik\u00e4isille ja tasoisille harrastajille.<\/p>\n<p><strong><u>Eettiset linjaukset\/arvot<\/u><\/strong><\/p>\n<p>Taekwondon kuusi el\u00e4m\u00e4nohjetta muodostavat perustan seuran eettiselle toiminnalle \u2013 k\u00e4yt\u00f6s, kunnioitus, k\u00e4rsiv\u00e4llisyys, vaatimattomuus, uhrautuvaisuus, mielen ja kehon puhtaus.<\/p>\n<p>Kaikille harrastajille tarjotaan tasapuolinen mahdollisuus harjoitteluun, ohjaukseen ja kehittymiseen kaikilla lajin osa-alueilla.<\/p>\n<p>Harrastajat kokevat harjoituksissa onnistumisen iloa.<\/p>\n<p>Kaikki harrastajat noudattavat terveellisi\u00e4 el\u00e4m\u00e4ntapoja harjoituksissa, seuran ja liiton tapahtumissa ja muussa el\u00e4m\u00e4ss\u00e4\u00e4n. Seuratoimijat n\u00e4ytt\u00e4v\u00e4t t\u00e4ss\u00e4 esimerkki\u00e4.<\/p>\n<p>Kaikki ovat tervetulleita seuran toimintaan, seuran j\u00e4senet kunnioittavat toisiaan ja kaikkia kohdellaan tasavertaisesti. Kaikille tarjotaan mahdollisuus osallistua kilpailuihin.<\/p>\n<p>Valmentajien, harrastajien ja vanhempien v\u00e4lill\u00e4 on avoin vuorovaikutuksellinen suhde.<\/p>\n<p>Seuran tavoitteena on jatkuva kehittyminen. Seura kannustaa harrastajiaan osallistumaan valmennustoimintaan ja heille taataan mahdollisuus osallistua ohjaajakoulutuksiin.<\/p>\n<p><strong><u>Toiminnan tavoitteet<\/u><\/strong><\/p>\n<p>Harrastustoiminnan tavoitteet (urheilulliset tavoitteet):<\/p>\n<ul>\n<li>Perusliikuntataitojen vahvistaminen ja kehittyminen<\/li>\n<li>Lajitaidot (vy\u00f6kokeet mahdollista suorittaa kahdesti vuodessa tai treenikertojen mukaan, vy\u00f6kokeisiin valmistava leiri)<\/li>\n<li>liikunnan ilo, joukkuehenki<\/li>\n<li>monipuolisuus<\/li>\n<li>tasavertaisuus (saman verran treeniaikaa kaikille taitotasosta huolimatta)<\/li>\n<li>harjoittelun yksil\u00f6llist\u00e4minen taitotason mukaan (turvallisuus, mielekkyys, motivaatio)<\/li>\n<\/ul>\n<p>J\u00e4senhankinnan tavoitteet<\/p>\n<ul>\n<li>Saada vanhempia harrastus- ja seuratoimintaan mukaan<\/li>\n<li>Saada harrastajia mukaan toimintaan<\/li>\n<\/ul>\n<p>&nbsp;<\/p>\n<p>Taloudelliset tavoitteet<\/p>\n<ul>\n<li>Pit\u00e4\u00e4 seuran toiminta kannattavana ja luoda taloudellisesti riitt\u00e4v\u00e4t edellytykset seuran toiminnalle<\/li>\n<\/ul>\n<p>&nbsp;<\/p>\n<p>Eettiset tavoitteet<\/p>\n<ul>\n<li>Pyrit\u00e4\u00e4n opettamaan harrastajille Taekwondon kuusi el\u00e4m\u00e4nohjetta \u2013 k\u00e4yt\u00f6s, kunnioitus, k\u00e4rsiv\u00e4llisyys, vaatimattomuus, uhrautuvaisuus, mielen ja kehon puhtaus.<\/li>\n<li>Yhteiset tavoitteet ja p\u00e4\u00e4m\u00e4\u00e4r\u00e4, jonka mukaan toimitaan<\/li>\n<li>Toisia kunnioittava vuorovaikutus<\/li>\n<li>Vaikuttamisen mahdollisuudet<\/li>\n<\/ul>\n<p>Valmennukselliset tavoitteet<\/p>\n<ul>\n<li>Valmennus resurssit ovat olemassa liikesarja- ja ottelu puolelle<\/li>\n<li>Henkil\u00f6kohtaista valmennusta on mahdollisuus antaa sit\u00e4 tarvitseville motivoituneille harrastajille<\/li>\n<\/ul>\n<p>Harjoitukselliset tavoitteet<\/p>\n<ul>\n<li>Harjoitukset ovat kehitt\u00e4vi\u00e4 ja nousujohteisia, linjassa kausisuunnitelman kanssa<\/li>\n<li>Harjoitukset ovat ennalta suunniteltuja linjassa kausisuunnitelman kanssa<\/li>\n<li>Harjoitusten sis\u00e4ll\u00f6st\u00e4 ja toteutuksesta kommunikoidaan ohjaajien kesken<\/li>\n<\/ul>\n<p>Koulutustavoitteet<\/p>\n<ul>\n<li>Ohjaajien s\u00e4\u00e4nn\u00f6llinen kouluttautuminen osaamisen yll\u00e4pit\u00e4miseksi<\/li>\n<li>Seura mahdollistaa koulutuksiin osallistumisen ohjaajille<\/li>\n<\/ul>\n<p>Yhteisty\u00f6 muiden seurojen kanssa<\/p>\n<ul>\n<li>Nykyisen harjoitus ymp\u00e4rist\u00f6n kehitt\u00e4minen<\/li>\n<li>Vieraillaan muiden yhteisty\u00f6seurojen harjoituksissa<\/li>\n<li>Kutsutaan muiden seurojen harrastajia harjoituksiin ja leireille<\/li>\n<li>J\u00e4rjestet\u00e4\u00e4n yhteisi\u00e4 salikisoja vuosittain<\/li>\n<li>Hy\u00f6dynnet\u00e4\u00e4n vierailevia ohjaajia<\/li>\n<\/ul>\n<p>Kasvatukselliset tavoitteet:<\/p>\n<ul>\n<li>Kannustaa terveellisiin elintapoihin<\/li>\n<li>Tarjota p\u00e4ihteet\u00f6n harjoitusymp\u00e4rist\u00f6<\/li>\n<li>Kunnioittaa ja kannustaa muita harrastajia<\/li>\n<li>Harrastajan itsetunnon kehittymisen tukeminen<\/li>\n<\/ul>\n<p>&nbsp;<\/p>\n<p>Kilpailutavoitteet:<\/p>\n<ul>\n<li>Kaikkia harrastajia kannustetaan osallistumaan kilpailuihin<\/li>\n<li>Seura tukee kilpailutoimintaa muun muassa tarjoamalle laadukkaat ja nykyaikaiset harjoittelumahdollisuudet (tatami, suojat, mizit)<\/li>\n<li>Seura osallistuu harrastajien kilpailu kustannuksiin<\/li>\n<li>Seura j\u00e4rjest\u00e4\u00e4 omia kilpailuja yhteisty\u00f6ss\u00e4 muiden seurojen kanssa<\/li>\n<li>Jokainen ohjaaja osallistuu vuorollaan kilpailu reissuihin harrastajien tarpeiden mukaan<\/li>\n<\/ul>\n<p><strong><u>Tavoitteiden toteutumisen seuranta:<\/u><\/strong><\/p>\n<p>j\u00e4senm\u00e4\u00e4r\u00e4<\/p>\n<p>lisenssien m\u00e4\u00e4r\u00e4<\/p>\n<p>harjoitteluaktiivisuus Suomisport-j\u00e4senrekisterin kautta<\/p>\n<p>valmentajien m\u00e4\u00e4r\u00e4 ja koulutustaso<\/p>\n<p>j\u00e4rjestettyjen kilpailujen ja leirien m\u00e4\u00e4r\u00e4<\/p>\n<p>osallistuminen liiton tapahtumiin: kilpailut, leirit, koulutukset, seminaarit<\/p>\n<p>saatujen avustusten m\u00e4\u00e4r\u00e4<\/p>\n<p>Tilinp\u00e4\u00e4t\u00f6kset<\/p>\n<p>ohjaajien keskustelut- ja palaverit, treenip\u00e4iv\u00e4kirjat<\/p>\n<p>seuran toimintakertomukset<\/p>\n<p>kyselyt harrastajille ja vanhemmille<\/p>\n<p>&nbsp;<\/p>\n<p><strong><u>Toimintaperiaatteet<\/u><\/strong><\/p>\n<p><u>Seuratoiminnan ja taloudenhoitoperiaatteet:<\/u><\/p>\n<p>Hallitus laatii toimintasuunnitelman, joka k\u00e4sitell\u00e4\u00e4n syyskokouksessa.<\/p>\n<p>Rahastonhoitaja laatii yhdess\u00e4 hallituksen kanssa talousarvion, joka k\u00e4sitell\u00e4\u00e4n syyskokouksessa. Hallitus arvioi toiminnan kulut ja tuotot. Tilinp\u00e4\u00e4t\u00f6s on yhteinen koko seuran toiminnasta. Se k\u00e4sitell\u00e4\u00e4n ja vahvistetaan vuosittain kev\u00e4tkokouksessa. Tilinp\u00e4\u00e4t\u00f6ksen laatii rahastonhoitaja.<\/p>\n<p>Hallitus laatii toimintakertomuksen vuosittain, joka esitet\u00e4\u00e4n kev\u00e4tkokouksessa. Kertomus pit\u00e4\u00e4 sis\u00e4ll\u00e4\u00e4n yleisi\u00e4 asioita, varsinaisen toiminnan, kilpailutoiminnan, koulutus- ja valmennustoiminnan, j\u00e4senist\u00f6n, tiedotus- ja suhdetoiminnan sek\u00e4 taloudellisen toiminnan.<\/p>\n<p>Varainhankinta koostuu peruskurssimaksuista, kausimaksuista, erilaisista avustuksista, leirien tai kilpailujen tuotoista ja erilaisista talkoot\u00f6ist\u00e4.<\/p>\n<p>Jokainen harrastaja on velvollinen maksamaan vuosittaisen j\u00e4senmaksun ja kausimaksun, jonka suuruuden p\u00e4\u00e4tt\u00e4\u00e4 j\u00e4senkokous. Kausimaksuista tiedotetaan www-sivuilla ja j\u00e4senrekisterin kautta.<\/p>\n<p><u>K\u00e4yt\u00e4nn\u00f6n toimintaperiaatteita:<\/u><\/p>\n<p>Kaikki seuran j\u00e4senet sitoutuvat noudattamaan seuran s\u00e4\u00e4nt\u00f6j\u00e4 ja yhteisi\u00e4 pelis\u00e4\u00e4nt\u00f6j\u00e4 mm. k\u00e4ytt\u00e4ytyminen salilla, terveelliset el\u00e4m\u00e4ntavat<\/p>\n<p>Seura takaa p\u00e4ihteett\u00f6m\u00e4n harjoitusymp\u00e4rist\u00f6n harrastajilleen.<\/p>\n<p>Vanhemmat harrastajat opastavat esimerkill\u00e4\u00e4n uusia ja nuorempia harrastajia.<\/p>\n<p>Talkooty\u00f6st\u00e4 informoidaan harrastajia ja halukkaat vapaaehtoiset osallistuvat talkoisiin. Saadut rahat k\u00e4ytet\u00e4\u00e4n seuran toimintaan.<\/p>\n<p>Junnujen vanhemmille j\u00e4rjestet\u00e4\u00e4n vanhempainiltoja tarvittaessa, 1\u20132 kertaa\/vuosi.<\/p>\n<p>&nbsp;<\/p>\n<p><strong><u>Organisaatio<\/u><\/strong><\/p>\n<p><u>Puheenjohtaja<\/u><\/p>\n<p>hallituksen ty\u00f6skentelyn johtaminen ja kokousten valmistelu sek\u00e4 johtaminen, yleinen organisointi, yhteydenpito yhteisty\u00f6kumppaneihin ja seuran edustajana toimiminen, salivuorot, toiminnan ja talouden suunnittelu, kurinpidollisten toimenpiteiden suunnittelu ja toteutus seuran s\u00e4\u00e4nt\u00f6jen mukaisesti, seuratoiminnan kehitt\u00e4minen.<\/p>\n<p><u>Sihteeri<\/u><\/p>\n<p>toimii sihteerin\u00e4 hallituksen kokouksissa, arkistointi, anoo salivuorot<\/p>\n<p><u>Rahastonhoitaja<\/u><\/p>\n<p>laskuttaminen, laskujen maksaminen, kirjanpito, taloudellisen tilanteen seuranta ja tiedottaminen hallitukselle<\/p>\n<p>avustusanomusten tekeminen yhteisty\u00f6ss\u00e4 puheenjohtajan ja hallituksen kanssa.<\/p>\n<p><u>Opettaja<\/u><\/p>\n<p>vastaa seuran yleisest\u00e4 valmennuslinjasta seuran puheenjohtajan kanssa, huolehtii yhdess\u00e4 seuran juniorivastaavan ja puheenjohtajan kanssa valmentajien koulutuksesta sek\u00e4 yhteisen linjan luomisesta<\/p>\n<p><u>Juniorivastaava<\/u><\/p>\n<p>Junioritoiminnan koordinointi, rekrytoi uusia valmentajia yhdess\u00e4 muiden ohjaajien ja puheenjohtajan kanssa, vanhempainiltojen organisointi, junioreiden vanhemmille tiedottaminen, yhteisty\u00f6 muiden seurojen nuorisovastaavien kanssa, liiton juniorivaliokuntaty\u00f6. Osallistuu seuran yhteisen linjan suunnitteluun<\/p>\n<p><u>H\u00e4irint\u00e4yhdyshenkil\u00f6<\/u><\/p>\n<p>Toimenkuvaan kuuluu h\u00e4irint\u00e4\u00e4, syrjint\u00e4\u00e4 tai ep\u00e4asiallista k\u00e4yt\u00f6st\u00e4 kokeneiden tukeminen, neuvominen ja auttaminen. H\u00e4irint\u00e4yhdyshenkil\u00f6\u00f6n voit olla yhteydess\u00e4 s\u00e4hk\u00f6postitse (tiiu piste tuomi (at) taekwondo piste fi) tai ottamalla yhteytt\u00e4 h\u00e4neen harjoitusten yhteydess\u00e4.<\/p>\n<p><u>J\u00e4senrekisterivastaava<\/u><\/p>\n<p>J\u00e4senrekisterin yll\u00e4pito<\/p>\n<p><u>Tiedottaja<\/u><\/p>\n<p>www-sivujen yll\u00e4pit\u00e4minen, leireist\u00e4 ja kilpailuista ym. tiedottaminen<\/p>\n<p><u>Ohjaajat<\/u><\/p>\n<p>kauden suunnittelu seuran yhteisen linjan mukaisesti, pelis\u00e4\u00e4nn\u00f6ist\u00e4 ja tavoitteista sopiminen, harjoitusten suunnittelu ja harjoitusp\u00e4iv\u00e4kirjan pit\u00e4minen oman osaamisen kehitt\u00e4minen osallistumalla aktiivisesti seuran harjoituksiin ja koulutuksiin sek\u00e4 leireille. Ohjaajapalavereihin osallistuminen.<\/p>\n<p><u>Harrastajat<\/u><\/p>\n<p>osallistuu yhteisten pelis\u00e4\u00e4nt\u00f6jen tekemiseen ja sitoutuu noudattamaan niit\u00e4, osallistuu aktiivisesti treeneihin ja muuhun seuran toimintaan<\/p>\n<p><u>Lasten vanhemmat<\/u><\/p>\n<p>Harrastajien pelis\u00e4\u00e4nt\u00f6keskusteluihin osallistuminen ja sitoutuminen niihin, osallistuvat kuljettamiseen kilpailuihin ja leireille, vanhempainiltoihin osallistuminen, lapsen kannustaminen urheiluharrastuksessaan<\/p>\n<p><strong><u>Pelis\u00e4\u00e4nn\u00f6t<\/u><\/strong><\/p>\n<p>Pelis\u00e4\u00e4nn\u00f6t sovitaan vuosittain.<\/p>\n<p>Harrastajien vanhemmille tehd\u00e4\u00e4n kysely, josta tehd\u00e4\u00e4n yhteenveto. Vanhempainillassa k\u00e4yd\u00e4\u00e4n yhteenveto l\u00e4pi ja yhdess\u00e4 vanhempien kanssa sovitaan harrastajien pelis\u00e4\u00e4nn\u00f6ist\u00e4.<\/p>\n<p>Pelis\u00e4\u00e4nt\u00f6keskusteluihin osallistuvat ohjaaja\/t yhdess\u00e4 harrastajien kanssa k\u00e4ytt\u00e4en pohjana taekwondon kuutta el\u00e4m\u00e4nohjetta.<\/p>\n<p>Pelis\u00e4\u00e4nn\u00f6t julkaistaan Suomisport-j\u00e4senrekisteriss\u00e4 viestin\u00e4.<\/p>\n<p>Hallituksen kokouksessa ja ohjaajapalavereissa harrastajien pelis\u00e4\u00e4nn\u00f6t k\u00e4yd\u00e4\u00e4n l\u00e4pi. Jos pelis\u00e4\u00e4nt\u00f6jen noudattamisessa tulee erimielisyyksi\u00e4 ja ryhm\u00e4\/ohjaaja ei itse pysty ratkaisemaan tilannetta, niin ohjaaja on velvollinen kysym\u00e4\u00e4n apua hallitukselta ja juniorivastaavalta.<\/p>\n<p>Seuran juniorivastaava huolehtii pelis\u00e4\u00e4nt\u00f6jen laatimisesta. Ajankohta vuosittain syyskuussa.<\/p>\n<p><strong><u>Urheilullisten ja terveiden el\u00e4m\u00e4ntapojen edist\u00e4minen<\/u><\/strong><\/p>\n<p>Terveit\u00e4 ja urheilullisia el\u00e4m\u00e4ntapoja tuodaan esille p\u00e4ivitt\u00e4isess\u00e4 toiminnassa kertomalla esimerkiksi riitt\u00e4v\u00e4n unen ja ravinnon tarpeesta. T\u00e4m\u00e4 tapahtuu luontevasti ohjaajien toimesta harjoitusten yhteydess\u00e4.<\/p>\n<p>Harrastajien vanhempia informoidaan liikunnan ja terveiden el\u00e4m\u00e4ntapojen t\u00e4rkeydest\u00e4 vanhempainilloissa.<\/p>\n<p>Ohjaajat tuovat my\u00f6s omalla esimerkill\u00e4\u00e4n terveit\u00e4 el\u00e4m\u00e4ntapoja esille.<\/p>\n<p>Kaikki ohjaajat ovat sitoutuneet p\u00e4ihteett\u00f6m\u00e4\u00e4n toimintaan kaikissa seuran tapahtumissa, joissa harrastajat ovat mukana.<\/p>\n<p><strong><u>Toimintamuodot<\/u><\/strong><\/p>\n<p>Syyskaudella 2025 RTKD j\u00e4rjest\u00e4\u00e4 6 harjoitusta viikossa.<\/p>\n<p>Seuran j\u00e4senmaksu on 40 \u20ac \/ vuosi. Harjoitusmaksu aikuisilla 240 \u20ac ja junioreilla 180 \u20ac vuodessa. Harjoitusmaksu laskutetaan kahdessa er\u00e4ss\u00e4, kev\u00e4t- ja syyskaudella.<\/p>\n<p>Vy\u00f6koe, eli graduointimaksu on 35 \u20ac (sis\u00e4lt\u00e4\u00e4 vy\u00f6n).<\/p>\n<p>Harjoituspaikkana toimii Riihim\u00e4en Kamppailu-urheilukeskus osoitteessa Teollisuuskatu 10 11130 Riihim\u00e4ki<\/p>\n<p><strong><u>Harrastajan polku<\/u><\/strong><\/p>\n<p><img fetchpriority=\"high\" decoding=\"async\" class=\"alignnone size-full wp-image-741\" src=\"https:\/\/rtkd.fi\/wp-content\/uploads\/2025\/11\/polku-1.png\" alt=\"\" width=\"822\" height=\"401\" srcset=\"https:\/\/rtkd.fi\/wp-content\/uploads\/2025\/11\/polku-1.png 822w, https:\/\/rtkd.fi\/wp-content\/uploads\/2025\/11\/polku-1-300x146.png 300w, https:\/\/rtkd.fi\/wp-content\/uploads\/2025\/11\/polku-1-768x375.png 768w\" sizes=\"(max-width: 822px) 100vw, 822px\" \/><\/p>\n<p><strong><u>Viestint\u00e4<\/u><\/strong><\/p>\n<p><u>Ulkoinen viestint\u00e4<\/u><\/p>\n<p>P\u00e4\u00e4asiallisina kanavina toimivat verkkosivusto www.rtkd.fi ja Facebook-sivusto, joiden kautta saa informaatiota ja l\u00f6yt\u00e4\u00e4 t\u00e4rkeimm\u00e4t yhteystiedot.<\/p>\n<p>Verkko- ja Facebook-sivujen yll\u00e4pidosta vastaa RTKD:n hallituksen nime\u00e4m\u00e4 henkil\u00f6 tai taho.<\/p>\n<p>&nbsp;<\/p>\n<p><u>Sis\u00e4inen viestint\u00e4<\/u><\/p>\n<p>Sis\u00e4isess\u00e4 viestinn\u00e4ss\u00e4 k\u00e4yt\u00f6ss\u00e4 Suomisport-j\u00e4senrekisterisovelluksen toiminnot, s\u00e4hk\u00f6posti sek\u00e4 tekstiviesti.<\/p>\n<p>Tekstiviesti\u00e4 k\u00e4ytet\u00e4\u00e4n kiireellisemmiss\u00e4 asioissa. P\u00e4\u00e4asiallisena kanavana Suomisport-j\u00e4senrekisteri, jonka kautta viestit\u00e4\u00e4n tarpeen mukaan koko seuralle, tietylle ryhm\u00e4lle tai yksitt\u00e4isille j\u00e4senille.<\/p>\n<p>Ohjaajilla ja hallituksella on k\u00e4yt\u00f6ss\u00e4 my\u00f6s oma Whatsapp-ryhm\u00e4 keskin\u00e4iseen viestint\u00e4\u00e4n. Sis\u00e4isten tiedostojen s\u00e4ilytyspaikka on google drive- j\u00e4rjestelm\u00e4ss\u00e4.<\/p>\n<p><u>Kriisiviestint\u00e4<\/u><\/p>\n<p>Harjoitusten aikana sattuvissa tapaturmissa harjoituksen ohjaaja on v\u00e4litt\u00f6m\u00e4sti yhteydess\u00e4 kyseisen harrastajan huoltajiin, jos kyseess\u00e4 alaik\u00e4inen harrastaja. Yhteystiedot saadaan Suomisportista. Mik\u00e4li harrastaja ei ole Suomisport j\u00e4sen (tutustumisharjoitukset), huoltajan yhteystiedot pyydet\u00e4\u00e4n erikseen.<\/p>\n<p>Koko seuraa koskevassa kriisiviestinn\u00e4ss\u00e4 p\u00e4\u00e4asiallinen tiedottaja on seuran puheenjohtaja. Jos t\u00e4m\u00e4 on estynyt, tiedotuksen tekee varapuheenjohtaja.<\/p>\n","protected":false},"excerpt":{"rendered":"<p>TOIMINTALINJAN TARKOITUS Toimintalinjan tarkoituksena on selkiytt\u00e4\u00e4 seuran toimintaa ja parantaa yhteispeli\u00e4. Sen teht\u00e4v\u00e4n\u00e4 on selvitt\u00e4\u00e4 j\u00e4senille ja muille toiminnasta kiinnostuneille, miksi seura on olemassa, millaisille arvoille seuran toiminta perustuu, miten k\u00e4yt\u00e4nn\u00f6n asiat seurassa hoidetaan ja millaisia palveluja seura tarjoaa. Toimintalinjan linjauksiin vaikuttavat seuran omat l\u00e4ht\u00f6kohdat, seuran historia ja olemassa oleva seurakulttuuri. Seuran toimintalinjaukset ovat osa [&hellip;]<\/p>\n","protected":false},"author":1,"featured_media":0,"parent":59,"menu_order":1,"comment_status":"closed","ping_status":"closed","template":"","meta":{"footnotes":""},"class_list":["post-71","page","type-page","status-publish","hentry"],"_links":{"self":[{"href":"https:\/\/rtkd.fi\/index.php?rest_route=\/wp\/v2\/pages\/71","targetHints":{"allow":["GET"]}}],"collection":[{"href":"https:\/\/rtkd.fi\/index.php?rest_route=\/wp\/v2\/pages"}],"about":[{"href":"https:\/\/rtkd.fi\/index.php?rest_route=\/wp\/v2\/types\/page"}],"author":[{"embeddable":true,"href":"https:\/\/rtkd.fi\/index.php?rest_route=\/wp\/v2\/users\/1"}],"replies":[{"embeddable":true,"href":"https:\/\/rtkd.fi\/index.php?rest_route=%2Fwp%2Fv2%2Fcomments&post=71"}],"version-history":[{"count":10,"href":"https:\/\/rtkd.fi\/index.php?rest_route=\/wp\/v2\/pages\/71\/revisions"}],"predecessor-version":[{"id":743,"href":"https:\/\/rtkd.fi\/index.php?rest_route=\/wp\/v2\/pages\/71\/revisions\/743"}],"up":[{"embeddable":true,"href":"https:\/\/rtkd.fi\/index.php?rest_route=\/wp\/v2\/pages\/59"}],"wp:attachment":[{"href":"https:\/\/rtkd.fi\/index.php?rest_route=%2Fwp%2Fv2%2Fmedia&parent=71"}],"curies":[{"name":"wp","href":"https:\/\/api.w.org\/{rel}","templated":true}]}}