{"id":305,"date":"2017-03-01T20:04:24","date_gmt":"2017-03-01T20:04:24","guid":{"rendered":"http:\/\/www.rtkd.fi\/?page_id=305"},"modified":"2025-08-11T10:36:00","modified_gmt":"2025-08-11T10:36:00","slug":"linkkeja","status":"publish","type":"page","link":"https:\/\/rtkd.fi\/?page_id=305","title":{"rendered":"Linkkej\u00e4"},"content":{"rendered":"\t\t<div data-elementor-type=\"wp-page\" data-elementor-id=\"305\" class=\"elementor elementor-305\">\n\t\t\t\t\t\t<section class=\"elementor-section elementor-top-section elementor-element elementor-element-3eac8c8e elementor-section-boxed elementor-section-height-default elementor-section-height-default\" data-id=\"3eac8c8e\" data-element_type=\"section\">\n\t\t\t\t\t\t<div class=\"elementor-container elementor-column-gap-default\">\n\t\t\t\t\t<div class=\"elementor-column elementor-col-100 elementor-top-column elementor-element elementor-element-5f623081\" data-id=\"5f623081\" data-element_type=\"column\">\n\t\t\t<div class=\"elementor-widget-wrap elementor-element-populated\">\n\t\t\t\t\t\t<div class=\"elementor-element elementor-element-56ab960c elementor-widget elementor-widget-text-editor\" data-id=\"56ab960c\" data-element_type=\"widget\" data-widget_type=\"text-editor.default\">\n\t\t\t\t<div class=\"elementor-widget-container\">\n\t\t\t\t\t\t\t\t\t<p><strong>Hy\u00f6dyllisi\u00e4 linkkej\u00e4<\/strong><\/p>\n<p><a href=\"http:\/\/www.suomentaekwondoliitto.fi\">Suomen Taekwondoliitto<\/a><\/p>\n<p><a href=\"http:\/\/www.suomentaekwondoliitto.fi\/tapahtumakalenteri-2017\/\">Taekwon<\/a><a href=\"https:\/\/www.suomentaekwondoliitto.fi\/tapahtumakalenteri\/\">doliiton tapahtumakalenteri<\/a><\/p>\n<p><a href=\"http:\/\/www.tpss.eu\/\">TPSS-kilpailuj\u00e4rjestelm\u00e4<br \/><\/a><\/p>\n<p><a href=\"https:\/\/www.liikuntavinkit.fi\/\">Liikuntavinkkej\u00e4 varhaiskasvatusik\u00e4isille<\/a><\/p>\n<p><\/p>\n<p><\/p>\t\t\t\t\t\t\t\t<\/div>\n\t\t\t\t<\/div>\n\t\t\t\t\t<\/div>\n\t\t<\/div>\n\t\t\t\t\t<\/div>\n\t\t<\/section>\n\t\t\t\t<\/div>\n\t\t","protected":false},"excerpt":{"rendered":"<p>Hy\u00f6dyllisi\u00e4 linkkej\u00e4 Suomen Taekwondoliitto Taekwondoliiton tapahtumakalenteri TPSS-kilpailuj\u00e4rjestelm\u00e4 Liikuntavinkkej\u00e4 varhaiskasvatusik\u00e4isille<\/p>\n","protected":false},"author":1,"featured_media":0,"parent":59,"menu_order":4,"comment_status":"closed","ping_status":"closed","template":"","meta":{"footnotes":""},"class_list":["post-305","page","type-page","status-publish","hentry"],"_links":{"self":[{"href":"https:\/\/rtkd.fi\/index.php?rest_route=\/wp\/v2\/pages\/305","targetHints":{"allow":["GET"]}}],"collection":[{"href":"https:\/\/rtkd.fi\/index.php?rest_route=\/wp\/v2\/pages"}],"about":[{"href":"https:\/\/rtkd.fi\/index.php?rest_route=\/wp\/v2\/types\/page"}],"author":[{"embeddable":true,"href":"https:\/\/rtkd.fi\/index.php?rest_route=\/wp\/v2\/users\/1"}],"replies":[{"embeddable":true,"href":"https:\/\/rtkd.fi\/index.php?rest_route=%2Fwp%2Fv2%2Fcomments&post=305"}],"version-history":[{"count":9,"href":"https:\/\/rtkd.fi\/index.php?rest_route=\/wp\/v2\/pages\/305\/revisions"}],"predecessor-version":[{"id":711,"href":"https:\/\/rtkd.fi\/index.php?rest_route=\/wp\/v2\/pages\/305\/revisions\/711"}],"up":[{"embeddable":true,"href":"https:\/\/rtkd.fi\/index.php?rest_route=\/wp\/v2\/pages\/59"}],"wp:attachment":[{"href":"https:\/\/rtkd.fi\/index.php?rest_route=%2Fwp%2Fv2%2Fmedia&parent=305"}],"curies":[{"name":"wp","href":"https:\/\/api.w.org\/{rel}","templated":true}]}}