{"id":255,"date":"2017-02-28T22:54:25","date_gmt":"2017-02-28T22:54:25","guid":{"rendered":"http:\/\/www.rtkd.fi\/?page_id=255"},"modified":"2025-02-04T15:03:34","modified_gmt":"2025-02-04T15:03:34","slug":"junioritoiminta","status":"publish","type":"page","link":"https:\/\/rtkd.fi\/?page_id=255","title":{"rendered":"Junioritoiminta"},"content":{"rendered":"<p>Junioritoimintamme on tavoitteellista ja ennen kaikkea hauskaa.<\/p>\n<p>RTKD:n junioritoiminnan perustana on antaa lapsille ja nuorille valmiuksia ottaa<br \/>\nvastuuta toiminnastaan sek\u00e4 ohjata heit\u00e4 omaksumaan terveet ja liikunnalliset<br \/>\nel\u00e4m\u00e4ntavat.<\/p>\n<p>N\u00e4m\u00e4 opit antavat heille perustan elinik\u00e4iselle harrastukselle.<br \/>\nJunioritoiminta on Riihim\u00e4ki Taekwondo ry:n peruskivi joten siihen panostetaan<br \/>\nhyvin vahvasti esimerkiksi junioriohjaajien kouluttamisella. Koulutuksia j\u00e4rjestet\u00e4\u00e4n<br \/>\nseuran sis\u00e4ll\u00e4 sek\u00e4 k\u00e4ytt\u00e4m\u00e4ll\u00e4 esimerkiksi Suomen Taekwondoliitto ry:n ja liikunnan<br \/>\naluej\u00e4rjest\u00f6jen tarjoamia koulutuksia. Koulutus on monipuolista tarjoten niin<br \/>\ntaekwondon, yleisten liikuntataitojen, ravitsemuksen kuin lasten ja nuorten<br \/>\nfyysiseen kehittymisen keskittyvi\u00e4 koulutuksia.<\/p>\n<p>Harjoitusten vet\u00e4jille j\u00e4rjestet\u00e4\u00e4n koulutusta s\u00e4\u00e4nn\u00f6llisesti, jotta seura pystyy<br \/>\ntarjoamaan laadukkaita harjoituksia junioreille. Kaikki junioriryhmien vastuuvet\u00e4j\u00e4t<br \/>\novat k\u00e4yneet v\u00e4hint\u00e4\u00e4n Suomen Taekwondoliiton 1-tason ohjaajakoulutuksen.<br \/>\nJunioreilla on omat harjoitukset kahdesti viikossa.<\/p>\n","protected":false},"excerpt":{"rendered":"<p>Junioritoimintamme on tavoitteellista ja ennen kaikkea hauskaa. RTKD:n junioritoiminnan perustana on antaa lapsille ja nuorille valmiuksia ottaa vastuuta toiminnastaan sek\u00e4 ohjata heit\u00e4 omaksumaan terveet ja liikunnalliset el\u00e4m\u00e4ntavat. N\u00e4m\u00e4 opit antavat heille perustan elinik\u00e4iselle harrastukselle. Junioritoiminta on Riihim\u00e4ki Taekwondo ry:n peruskivi joten siihen panostetaan hyvin vahvasti esimerkiksi junioriohjaajien kouluttamisella. Koulutuksia j\u00e4rjestet\u00e4\u00e4n seuran sis\u00e4ll\u00e4 sek\u00e4 k\u00e4ytt\u00e4m\u00e4ll\u00e4 esimerkiksi [&hellip;]<\/p>\n","protected":false},"author":1,"featured_media":0,"parent":11,"menu_order":1,"comment_status":"closed","ping_status":"closed","template":"","meta":{"footnotes":""},"class_list":["post-255","page","type-page","status-publish","hentry"],"_links":{"self":[{"href":"https:\/\/rtkd.fi\/index.php?rest_route=\/wp\/v2\/pages\/255","targetHints":{"allow":["GET"]}}],"collection":[{"href":"https:\/\/rtkd.fi\/index.php?rest_route=\/wp\/v2\/pages"}],"about":[{"href":"https:\/\/rtkd.fi\/index.php?rest_route=\/wp\/v2\/types\/page"}],"author":[{"embeddable":true,"href":"https:\/\/rtkd.fi\/index.php?rest_route=\/wp\/v2\/users\/1"}],"replies":[{"embeddable":true,"href":"https:\/\/rtkd.fi\/index.php?rest_route=%2Fwp%2Fv2%2Fcomments&post=255"}],"version-history":[{"count":3,"href":"https:\/\/rtkd.fi\/index.php?rest_route=\/wp\/v2\/pages\/255\/revisions"}],"predecessor-version":[{"id":688,"href":"https:\/\/rtkd.fi\/index.php?rest_route=\/wp\/v2\/pages\/255\/revisions\/688"}],"up":[{"embeddable":true,"href":"https:\/\/rtkd.fi\/index.php?rest_route=\/wp\/v2\/pages\/11"}],"wp:attachment":[{"href":"https:\/\/rtkd.fi\/index.php?rest_route=%2Fwp%2Fv2%2Fmedia&parent=255"}],"curies":[{"name":"wp","href":"https:\/\/api.w.org\/{rel}","templated":true}]}}