{"id":11,"date":"2017-02-28T08:48:26","date_gmt":"2017-02-28T08:48:26","guid":{"rendered":"http:\/\/rtkd.fi\/?page_id=11"},"modified":"2025-02-04T15:01:47","modified_gmt":"2025-02-04T15:01:47","slug":"tietoa-meista","status":"publish","type":"page","link":"https:\/\/rtkd.fi\/?page_id=11","title":{"rendered":"Tietoa meist\u00e4"},"content":{"rendered":"<p>Riihim\u00e4ki Taekwondo ry (RTKD) on noin sadan aktiiviharrastajan urheiluseura, joka tarjoaa harrastajilleen monipuolista treeni\u00e4.<\/p>\n<p>Sinua palvelevat koulutetut ohjaajat ja valmentajat. K\u00e4yt\u00f6ss\u00e4si on uusi ja tilava treenisali, monipuoliset ja laadukkaat harjoitteluv\u00e4lineet, sek\u00e4 kuntosali oheisharjoittelua varten.<\/p>\n<p>J\u00e4rjest\u00e4mme ryhm\u00e4t 7-vuotiaasta alkaen kaiken tasoisille liikkujille.<\/p>\n<p>Olemme my\u00f6s Olympiakomitean T\u00e4htiseura. T\u00e4htiseuratoiminta on urheilun lajiliittojen yhteinen toimintamalli, joka rakentuu lapsen ja nuoren parhaan edist\u00e4miselle &#8211; lapsen kasvun ja kehityksen tukemiselle sek\u00e4 lapsuuden kunnioittamiselle.\u00a0 T\u00e4htiseurat ovat aktiivisia ja kehityshaluisia seuroja.<\/p>\n<p>Lasten ja nuorten urheilussa t\u00e4rke\u00e4\u00e4 on ilo, innostus, kehittyminen, kaveruus ja terveelliset el\u00e4m\u00e4ntavat. Sinettiseuratoiminnan tavoitteena on l\u00f6yt\u00e4\u00e4 toimintatapa ja periaatteet, joilla laadukasta lasten ja nuorten toimintaa voidaan seurassa toteuttaa.<\/p>\n","protected":false},"excerpt":{"rendered":"<p>Riihim\u00e4ki Taekwondo ry (RTKD) on noin sadan aktiiviharrastajan urheiluseura, joka tarjoaa harrastajilleen monipuolista treeni\u00e4. Sinua palvelevat koulutetut ohjaajat ja valmentajat. K\u00e4yt\u00f6ss\u00e4si on uusi ja tilava treenisali, monipuoliset ja laadukkaat harjoitteluv\u00e4lineet, sek\u00e4 kuntosali oheisharjoittelua varten. J\u00e4rjest\u00e4mme ryhm\u00e4t 7-vuotiaasta alkaen kaiken tasoisille liikkujille. Olemme my\u00f6s Olympiakomitean T\u00e4htiseura. T\u00e4htiseuratoiminta on urheilun lajiliittojen yhteinen toimintamalli, joka rakentuu lapsen ja [&hellip;]<\/p>\n","protected":false},"author":1,"featured_media":0,"parent":0,"menu_order":0,"comment_status":"closed","ping_status":"closed","template":"","meta":{"footnotes":""},"class_list":["post-11","page","type-page","status-publish","hentry"],"_links":{"self":[{"href":"https:\/\/rtkd.fi\/index.php?rest_route=\/wp\/v2\/pages\/11","targetHints":{"allow":["GET"]}}],"collection":[{"href":"https:\/\/rtkd.fi\/index.php?rest_route=\/wp\/v2\/pages"}],"about":[{"href":"https:\/\/rtkd.fi\/index.php?rest_route=\/wp\/v2\/types\/page"}],"author":[{"embeddable":true,"href":"https:\/\/rtkd.fi\/index.php?rest_route=\/wp\/v2\/users\/1"}],"replies":[{"embeddable":true,"href":"https:\/\/rtkd.fi\/index.php?rest_route=%2Fwp%2Fv2%2Fcomments&post=11"}],"version-history":[{"count":8,"href":"https:\/\/rtkd.fi\/index.php?rest_route=\/wp\/v2\/pages\/11\/revisions"}],"predecessor-version":[{"id":687,"href":"https:\/\/rtkd.fi\/index.php?rest_route=\/wp\/v2\/pages\/11\/revisions\/687"}],"wp:attachment":[{"href":"https:\/\/rtkd.fi\/index.php?rest_route=%2Fwp%2Fv2%2Fmedia&parent=11"}],"curies":[{"name":"wp","href":"https:\/\/api.w.org\/{rel}","templated":true}]}}